{"id":334,"date":"2020-02-05T09:23:11","date_gmt":"2020-02-05T09:23:11","guid":{"rendered":"https:\/\/touchup.qodeinteractive.com\/?page_id=334"},"modified":"2024-01-10T09:52:44","modified_gmt":"2024-01-10T08:52:44","slug":"contact","status":"publish","type":"page","link":"https:\/\/elegantclinicbanus.com\/en\/contacto\/","title":{"rendered":"Contact us"},"content":{"rendered":"<div data-elementor-type=\"wp-page\" data-elementor-id=\"334\" class=\"elementor elementor-334\" data-elementor-post-type=\"page\">\n\t\t\t\t<div class=\"elementor-element elementor-element-526eb2f e-flex e-con-boxed e-con e-parent\" data-id=\"526eb2f\" data-element_type=\"container\" data-e-type=\"container\" data-settings=\"{&quot;background_background&quot;:&quot;classic&quot;}\">\n\t\t\t\t\t<div class=\"e-con-inner\">\n\t\t\t\t\t<\/div>\n\t\t\t\t<\/div>\n\t\t<div class=\"elementor-element elementor-element-5c733bc e-flex e-con-boxed e-con e-parent\" data-id=\"5c733bc\" data-element_type=\"container\" data-e-type=\"container\">\n\t\t\t\t\t<div class=\"e-con-inner\">\n\t\t\t\t<div class=\"elementor-element elementor-element-025c093 elementor-widget elementor-widget-image\" data-id=\"025c093\" data-element_type=\"widget\" data-e-type=\"widget\" data-widget_type=\"image.default\">\n\t\t\t\t<div class=\"elementor-widget-container\">\n\t\t\t\t\t\t\t\t\t\t\t\t\t\t\t<img fetchpriority=\"high\" decoding=\"async\" width=\"512\" height=\"512\" src=\"https:\/\/elegantclinicbanus.com\/wp-content\/uploads\/2023\/07\/cropped-Elegant-favicon.png\" class=\"attachment-full size-full wp-image-11026\" alt=\"Elegant Clinic Ban\u00fas Logo\" srcset=\"https:\/\/elegantclinicbanus.com\/wp-content\/uploads\/2023\/07\/cropped-Elegant-favicon.png 512w, https:\/\/elegantclinicbanus.com\/wp-content\/uploads\/2023\/07\/cropped-Elegant-favicon-300x300.png 300w, https:\/\/elegantclinicbanus.com\/wp-content\/uploads\/2023\/07\/cropped-Elegant-favicon-150x150.png 150w, https:\/\/elegantclinicbanus.com\/wp-content\/uploads\/2023\/07\/cropped-Elegant-favicon-270x270.png 270w, https:\/\/elegantclinicbanus.com\/wp-content\/uploads\/2023\/07\/cropped-Elegant-favicon-192x192.png 192w, https:\/\/elegantclinicbanus.com\/wp-content\/uploads\/2023\/07\/cropped-Elegant-favicon-180x180.png 180w, https:\/\/elegantclinicbanus.com\/wp-content\/uploads\/2023\/07\/cropped-Elegant-favicon-32x32.png 32w\" sizes=\"(max-width: 512px) 100vw, 512px\" \/>\t\t\t\t\t\t\t\t\t\t\t\t\t\t\t<\/div>\n\t\t\t\t<\/div>\n\t\t\t\t<div class=\"elementor-element elementor-element-c6e16f3 elementor-widget elementor-widget-heading\" data-id=\"c6e16f3\" data-element_type=\"widget\" data-e-type=\"widget\" data-widget_type=\"heading.default\">\n\t\t\t\t<div class=\"elementor-widget-container\">\n\t\t\t\t\t<h1 class=\"elementor-heading-title elementor-size-default\">Contact us<\/h1>\t\t\t\t<\/div>\n\t\t\t\t<\/div>\n\t\t<div class=\"elementor-element elementor-element-374ba1e e-con-full e-flex e-con e-child\" data-id=\"374ba1e\" data-element_type=\"container\" data-e-type=\"container\" data-settings=\"{&quot;background_background&quot;:&quot;classic&quot;}\">\n\t\t\t\t<div class=\"elementor-element elementor-element-9a8656d elementor-widget__width-inherit elementor-widget elementor-widget-heading\" data-id=\"9a8656d\" data-element_type=\"widget\" data-e-type=\"widget\" data-widget_type=\"heading.default\">\n\t\t\t\t<div class=\"elementor-widget-container\">\n\t\t\t\t\t<h2 class=\"elementor-heading-title elementor-size-default\">Your aesthetic clinic in Puerto Ban\u00fas.<br>Your clinic in Marbella.<\/h2>\t\t\t\t<\/div>\n\t\t\t\t<\/div>\n\t\t\t\t<div class=\"elementor-element elementor-element-a936120 elementor-grid-3 elementor-shape-circle elementor-widget__width-inherit e-grid-align-center elementor-widget elementor-widget-social-icons\" data-id=\"a936120\" data-element_type=\"widget\" data-e-type=\"widget\" data-widget_type=\"social-icons.default\">\n\t\t\t\t<div class=\"elementor-widget-container\">\n\t\t\t\t\t\t\t<div class=\"elementor-social-icons-wrapper elementor-grid\" role=\"list\">\n\t\t\t\t\t\t\t<span class=\"elementor-grid-item\" role=\"listitem\">\n\t\t\t\t\t<a class=\"elementor-icon elementor-social-icon elementor-social-icon-facebook-f elementor-repeater-item-5b46342\" href=\"https:\/\/www.facebook.com\/elegantclinicpuertobanus\" target=\"_blank\" rel=\"noopener\">\n\t\t\t\t\t\t<span class=\"elementor-screen-only\">Facebook-f<\/span>\n\t\t\t\t\t\t<svg aria-hidden=\"true\" class=\"e-font-icon-svg e-fab-facebook-f\" viewbox=\"0 0 320 512\" xmlns=\"http:\/\/www.w3.org\/2000\/svg\"><path d=\"M279.14 288l14.22-92.66h-88.91v-60.13c0-25.35 12.42-50.06 52.24-50.06h40.42V6.26S260.43 0 225.36 0c-73.22 0-121.08 44.38-121.08 124.72v70.62H22.89V288h81.39v224h100.17V288z\"><\/path><\/svg>\t\t\t\t\t<\/a>\n\t\t\t\t<\/span>\n\t\t\t\t\t\t\t<span class=\"elementor-grid-item\" role=\"listitem\">\n\t\t\t\t\t<a class=\"elementor-icon elementor-social-icon elementor-social-icon-instagram elementor-repeater-item-c0e3770\" href=\"https:\/\/www.instagram.com\/elegantclinicpuertobanus\/\" target=\"_blank\" rel=\"noopener\">\n\t\t\t\t\t\t<span class=\"elementor-screen-only\">Instagram<\/span>\n\t\t\t\t\t\t<svg aria-hidden=\"true\" class=\"e-font-icon-svg e-fab-instagram\" viewbox=\"0 0 448 512\" xmlns=\"http:\/\/www.w3.org\/2000\/svg\"><path d=\"M224.1 141c-63.6 0-114.9 51.3-114.9 114.9s51.3 114.9 114.9 114.9S339 319.5 339 255.9 287.7 141 224.1 141zm0 189.6c-41.1 0-74.7-33.5-74.7-74.7s33.5-74.7 74.7-74.7 74.7 33.5 74.7 74.7-33.6 74.7-74.7 74.7zm146.4-194.3c0 14.9-12 26.8-26.8 26.8-14.9 0-26.8-12-26.8-26.8s12-26.8 26.8-26.8 26.8 12 26.8 26.8zm76.1 27.2c-1.7-35.9-9.9-67.7-36.2-93.9-26.2-26.2-58-34.4-93.9-36.2-37-2.1-147.9-2.1-184.9 0-35.8 1.7-67.6 9.9-93.9 36.1s-34.4 58-36.2 93.9c-2.1 37-2.1 147.9 0 184.9 1.7 35.9 9.9 67.7 36.2 93.9s58 34.4 93.9 36.2c37 2.1 147.9 2.1 184.9 0 35.9-1.7 67.7-9.9 93.9-36.2 26.2-26.2 34.4-58 36.2-93.9 2.1-37 2.1-147.8 0-184.8zM398.8 388c-7.8 19.6-22.9 34.7-42.6 42.6-29.5 11.7-99.5 9-132.1 9s-102.7 2.6-132.1-9c-19.6-7.8-34.7-22.9-42.6-42.6-11.7-29.5-9-99.5-9-132.1s-2.6-102.7 9-132.1c7.8-19.6 22.9-34.7 42.6-42.6 29.5-11.7 99.5-9 132.1-9s102.7-2.6 132.1 9c19.6 7.8 34.7 22.9 42.6 42.6 11.7 29.5 9 99.5 9 132.1s2.7 102.7-9 132.1z\"><\/path><\/svg>\t\t\t\t\t<\/a>\n\t\t\t\t<\/span>\n\t\t\t\t\t\t\t<span class=\"elementor-grid-item\" role=\"listitem\">\n\t\t\t\t\t<a class=\"elementor-icon elementor-social-icon elementor-social-icon-linkedin-in elementor-repeater-item-5ced438\" href=\"https:\/\/www.linkedin.com\/company\/elegantclinicbanus\/\" target=\"_blank\" rel=\"noopener\">\n\t\t\t\t\t\t<span class=\"elementor-screen-only\">Linkedin-in<\/span>\n\t\t\t\t\t\t<svg aria-hidden=\"true\" class=\"e-font-icon-svg e-fab-linkedin-in\" viewbox=\"0 0 448 512\" xmlns=\"http:\/\/www.w3.org\/2000\/svg\"><path d=\"M100.28 448H7.4V148.9h92.88zM53.79 108.1C24.09 108.1 0 83.5 0 53.8a53.79 53.79 0 0 1 107.58 0c0 29.7-24.1 54.3-53.79 54.3zM447.9 448h-92.68V302.4c0-34.7-.7-79.2-48.29-79.2-48.29 0-55.69 37.7-55.69 76.7V448h-92.78V148.9h89.08v40.8h1.3c12.4-23.5 42.69-48.3 87.88-48.3 94 0 111.28 61.9 111.28 142.3V448z\"><\/path><\/svg>\t\t\t\t\t<\/a>\n\t\t\t\t<\/span>\n\t\t\t\t\t<\/div>\n\t\t\t\t\t\t<\/div>\n\t\t\t\t<\/div>\n\t\t\t\t<div class=\"elementor-element elementor-element-ac36c73 elementor-position-left elementor-widget__width-initial elementor-vertical-align-top elementor-widget elementor-widget-image-box\" data-id=\"ac36c73\" data-element_type=\"widget\" data-e-type=\"widget\" data-widget_type=\"image-box.default\">\n\t\t\t\t<div class=\"elementor-widget-container\">\n\t\t\t\t\t<div class=\"elementor-image-box-wrapper\"><figure class=\"elementor-image-box-img\"><img fetchpriority=\"high\" decoding=\"async\" width=\"512\" height=\"512\" src=\"https:\/\/elegantclinicbanus.com\/wp-content\/uploads\/2023\/07\/cropped-Elegant-favicon.png\" class=\"attachment-full size-full wp-image-11026\" alt=\"Elegant Clinic Ban\u00fas Logo\" srcset=\"https:\/\/elegantclinicbanus.com\/wp-content\/uploads\/2023\/07\/cropped-Elegant-favicon.png 512w, https:\/\/elegantclinicbanus.com\/wp-content\/uploads\/2023\/07\/cropped-Elegant-favicon-300x300.png 300w, https:\/\/elegantclinicbanus.com\/wp-content\/uploads\/2023\/07\/cropped-Elegant-favicon-150x150.png 150w, https:\/\/elegantclinicbanus.com\/wp-content\/uploads\/2023\/07\/cropped-Elegant-favicon-270x270.png 270w, https:\/\/elegantclinicbanus.com\/wp-content\/uploads\/2023\/07\/cropped-Elegant-favicon-192x192.png 192w, https:\/\/elegantclinicbanus.com\/wp-content\/uploads\/2023\/07\/cropped-Elegant-favicon-180x180.png 180w, https:\/\/elegantclinicbanus.com\/wp-content\/uploads\/2023\/07\/cropped-Elegant-favicon-32x32.png 32w\" sizes=\"(max-width: 512px) 100vw, 512px\" \/><\/figure><div class=\"elementor-image-box-content\"><h3 class=\"elementor-image-box-title\">Address<\/h3><p class=\"elementor-image-box-description\"><a href=\"https:\/\/goo.gl\/maps\/CKL53BjpB3uDon98A\" target=\"_blank\" rel=\"noopener\">\nAvenida Jos\u00e9 Ban\u00fas 7,<br>\n29660 Puerto Ban\u00fas,<br>\nMarbella, M\u00e1laga, Spain<\/a>.<\/p><\/div><\/div>\t\t\t\t<\/div>\n\t\t\t\t<\/div>\n\t\t\t\t<div class=\"elementor-element elementor-element-fec281f elementor-position-left elementor-widget__width-initial elementor-vertical-align-top elementor-widget elementor-widget-image-box\" data-id=\"fec281f\" data-element_type=\"widget\" data-e-type=\"widget\" data-widget_type=\"image-box.default\">\n\t\t\t\t<div class=\"elementor-widget-container\">\n\t\t\t\t\t<div class=\"elementor-image-box-wrapper\"><figure class=\"elementor-image-box-img\"><img fetchpriority=\"high\" decoding=\"async\" width=\"512\" height=\"512\" src=\"https:\/\/elegantclinicbanus.com\/wp-content\/uploads\/2023\/07\/cropped-Elegant-favicon.png\" class=\"attachment-full size-full wp-image-11026\" alt=\"Elegant Clinic Ban\u00fas Logo\" srcset=\"https:\/\/elegantclinicbanus.com\/wp-content\/uploads\/2023\/07\/cropped-Elegant-favicon.png 512w, https:\/\/elegantclinicbanus.com\/wp-content\/uploads\/2023\/07\/cropped-Elegant-favicon-300x300.png 300w, https:\/\/elegantclinicbanus.com\/wp-content\/uploads\/2023\/07\/cropped-Elegant-favicon-150x150.png 150w, https:\/\/elegantclinicbanus.com\/wp-content\/uploads\/2023\/07\/cropped-Elegant-favicon-270x270.png 270w, https:\/\/elegantclinicbanus.com\/wp-content\/uploads\/2023\/07\/cropped-Elegant-favicon-192x192.png 192w, https:\/\/elegantclinicbanus.com\/wp-content\/uploads\/2023\/07\/cropped-Elegant-favicon-180x180.png 180w, https:\/\/elegantclinicbanus.com\/wp-content\/uploads\/2023\/07\/cropped-Elegant-favicon-32x32.png 32w\" sizes=\"(max-width: 512px) 100vw, 512px\" \/><\/figure><div class=\"elementor-image-box-content\"><h3 class=\"elementor-image-box-title\">Contact us<\/h3><p class=\"elementor-image-box-description\"><span class=\"boldy\">Mobile<\/span> <a href=\"tel:+34682175150\">+34 682 17 51 50<\/a><br>\n<span class=\"boldy\">Telephone:<\/span> <a href=\"tel:+34951517921\">+34 951 51 79 21<\/a><br>\n<span class=\"boldy\">Email:<\/span> <a href=\"mailto:info@elegantclinicbanus.com\">info@elegantclinicbanus.com<\/a><\/p><\/div><\/div>\t\t\t\t<\/div>\n\t\t\t\t<\/div>\n\t\t\t\t<div class=\"elementor-element elementor-element-16b8908 elementor-position-left elementor-widget__width-initial elementor-widget-tablet__width-initial elementor-vertical-align-top elementor-widget elementor-widget-image-box\" data-id=\"16b8908\" data-element_type=\"widget\" data-e-type=\"widget\" data-widget_type=\"image-box.default\">\n\t\t\t\t<div class=\"elementor-widget-container\">\n\t\t\t\t\t<div class=\"elementor-image-box-wrapper\"><figure class=\"elementor-image-box-img\"><img fetchpriority=\"high\" decoding=\"async\" width=\"512\" height=\"512\" src=\"https:\/\/elegantclinicbanus.com\/wp-content\/uploads\/2023\/07\/cropped-Elegant-favicon.png\" class=\"attachment-full size-full wp-image-11026\" alt=\"Elegant Clinic Ban\u00fas Logo\" srcset=\"https:\/\/elegantclinicbanus.com\/wp-content\/uploads\/2023\/07\/cropped-Elegant-favicon.png 512w, https:\/\/elegantclinicbanus.com\/wp-content\/uploads\/2023\/07\/cropped-Elegant-favicon-300x300.png 300w, https:\/\/elegantclinicbanus.com\/wp-content\/uploads\/2023\/07\/cropped-Elegant-favicon-150x150.png 150w, https:\/\/elegantclinicbanus.com\/wp-content\/uploads\/2023\/07\/cropped-Elegant-favicon-270x270.png 270w, https:\/\/elegantclinicbanus.com\/wp-content\/uploads\/2023\/07\/cropped-Elegant-favicon-192x192.png 192w, https:\/\/elegantclinicbanus.com\/wp-content\/uploads\/2023\/07\/cropped-Elegant-favicon-180x180.png 180w, https:\/\/elegantclinicbanus.com\/wp-content\/uploads\/2023\/07\/cropped-Elegant-favicon-32x32.png 32w\" sizes=\"(max-width: 512px) 100vw, 512px\" \/><\/figure><div class=\"elementor-image-box-content\"><h3 class=\"elementor-image-box-title\">Timetable<\/h3><p class=\"elementor-image-box-description\">By appointment only<\/p><\/div><\/div>\t\t\t\t<\/div>\n\t\t\t\t<\/div>\n\t\t\t\t<\/div>\n\t\t\t\t\t<\/div>\n\t\t\t\t<\/div>\n\t\t<div class=\"elementor-element elementor-element-a1a2511 e-flex e-con-boxed e-con e-parent\" data-id=\"a1a2511\" data-element_type=\"container\" data-e-type=\"container\">\n\t\t\t\t\t<div class=\"e-con-inner\">\n\t\t\t\t<div class=\"elementor-element elementor-element-ea1c561 elementor-widget elementor-widget-google_maps\" data-id=\"ea1c561\" data-element_type=\"widget\" data-e-type=\"widget\" data-widget_type=\"google_maps.default\">\n\t\t\t\t<div class=\"elementor-widget-container\">\n\t\t\t\t\t\t\t<div class=\"elementor-custom-embed\">\n\t\t\t<iframe loading=\"lazy\"\n\t\t\t\t\tsrc=\"https:\/\/maps.google.com\/maps?q=Elegant%20Clinic%20Ban%C3%BAs&#038;t=m&#038;z=16&#038;output=embed&#038;iwloc=near\"\n\t\t\t\t\ttitle=\"Elegant Clinic Ban\u00fas\"\n\t\t\t\t\taria-label=\"Elegant Clinic Ban\u00fas\"\n\t\t\t><\/iframe>\n\t\t<\/div>\n\t\t\t\t\t\t<\/div>\n\t\t\t\t<\/div>\n\t\t\t\t\t<\/div>\n\t\t\t\t<\/div>\n\t\t\t\t<\/div>","protected":false},"excerpt":{"rendered":"<p>Contacto Tu Cl\u00ednica Est\u00e9tica en Puerto Ban\u00fasTu Cl\u00ednica en Marbella Facebook-f Instagram Linkedin-in Direcci\u00f3n Avenida Jos\u00e9 Ban\u00fas 7, 29660 Puerto Ban\u00fas, Marbella, M\u00e1laga, Espa\u00f1a. Contacto M\u00f3vil: +34 682 17 51 50 Tel\u00e9fono: +34 951 51 79 21 Email: info@elegantclinicbanus.com Horario Bajo cita Previa<\/p>","protected":false},"author":1,"featured_media":0,"parent":0,"menu_order":6,"comment_status":"closed","ping_status":"closed","template":"","meta":{"footnotes":""},"class_list":["post-334","page","type-page","status-publish","hentry"],"_links":{"self":[{"href":"https:\/\/elegantclinicbanus.com\/en\/wp-json\/wp\/v2\/pages\/334","targetHints":{"allow":["GET"]}}],"collection":[{"href":"https:\/\/elegantclinicbanus.com\/en\/wp-json\/wp\/v2\/pages"}],"about":[{"href":"https:\/\/elegantclinicbanus.com\/en\/wp-json\/wp\/v2\/types\/page"}],"author":[{"embeddable":true,"href":"https:\/\/elegantclinicbanus.com\/en\/wp-json\/wp\/v2\/users\/1"}],"replies":[{"embeddable":true,"href":"https:\/\/elegantclinicbanus.com\/en\/wp-json\/wp\/v2\/comments?post=334"}],"version-history":[{"count":1,"href":"https:\/\/elegantclinicbanus.com\/en\/wp-json\/wp\/v2\/pages\/334\/revisions"}],"predecessor-version":[{"id":12787,"href":"https:\/\/elegantclinicbanus.com\/en\/wp-json\/wp\/v2\/pages\/334\/revisions\/12787"}],"wp:attachment":[{"href":"https:\/\/elegantclinicbanus.com\/en\/wp-json\/wp\/v2\/media?parent=334"}],"curies":[{"name":"wp","href":"https:\/\/api.w.org\/{rel}","templated":true}]}}