{"id":9257,"date":"2020-10-13T15:06:05","date_gmt":"2020-10-13T15:06:05","guid":{"rendered":"https:\/\/elegantclinicbanus.com\/?page_id=9257"},"modified":"2024-10-29T11:11:50","modified_gmt":"2024-10-29T10:11:50","slug":"blog","status":"publish","type":"page","link":"https:\/\/elegantclinicbanus.com\/en\/blog\/","title":{"rendered":"Blog"},"content":{"rendered":"<div data-elementor-type=\"wp-page\" data-elementor-id=\"9257\" class=\"elementor elementor-9257\" data-elementor-post-type=\"page\">\n\t\t\t\t<div class=\"elementor-element elementor-element-2aa5760 e-flex e-con-boxed e-con e-parent\" data-id=\"2aa5760\" data-element_type=\"container\" data-e-type=\"container\">\n\t\t\t\t\t<div class=\"e-con-inner\">\n\t\t\t\t<div class=\"elementor-element elementor-element-7c25233 elementor-widget elementor-widget-image\" data-id=\"7c25233\" data-element_type=\"widget\" data-e-type=\"widget\" data-widget_type=\"image.default\">\n\t\t\t\t<div class=\"elementor-widget-container\">\n\t\t\t\t\t\t\t\t\t\t\t\t\t\t\t<img fetchpriority=\"high\" decoding=\"async\" width=\"512\" height=\"512\" src=\"https:\/\/elegantclinicbanus.com\/wp-content\/uploads\/2023\/07\/cropped-Elegant-favicon.png\" class=\"attachment-full size-full wp-image-11026\" alt=\"Elegant Clinic Ban\u00fas Logo\" srcset=\"https:\/\/elegantclinicbanus.com\/wp-content\/uploads\/2023\/07\/cropped-Elegant-favicon.png 512w, https:\/\/elegantclinicbanus.com\/wp-content\/uploads\/2023\/07\/cropped-Elegant-favicon-300x300.png 300w, https:\/\/elegantclinicbanus.com\/wp-content\/uploads\/2023\/07\/cropped-Elegant-favicon-150x150.png 150w, https:\/\/elegantclinicbanus.com\/wp-content\/uploads\/2023\/07\/cropped-Elegant-favicon-270x270.png 270w, https:\/\/elegantclinicbanus.com\/wp-content\/uploads\/2023\/07\/cropped-Elegant-favicon-192x192.png 192w, https:\/\/elegantclinicbanus.com\/wp-content\/uploads\/2023\/07\/cropped-Elegant-favicon-180x180.png 180w, https:\/\/elegantclinicbanus.com\/wp-content\/uploads\/2023\/07\/cropped-Elegant-favicon-32x32.png 32w\" sizes=\"(max-width: 512px) 100vw, 512px\" \/>\t\t\t\t\t\t\t\t\t\t\t\t\t\t\t<\/div>\n\t\t\t\t<\/div>\n\t\t\t\t<div class=\"elementor-element elementor-element-733e8c4 elementor-widget elementor-widget-heading\" data-id=\"733e8c4\" data-element_type=\"widget\" data-e-type=\"widget\" data-widget_type=\"heading.default\">\n\t\t\t\t<div class=\"elementor-widget-container\">\n\t\t\t\t\t<h1 class=\"elementor-heading-title elementor-size-default\">News and promotions<\/h1>\t\t\t\t<\/div>\n\t\t\t\t<\/div>\n\t\t\t\t<div class=\"elementor-element elementor-element-d85637a elementor-widget__width-initial elementor-widget elementor-widget-text-editor\" data-id=\"d85637a\" data-element_type=\"widget\" data-e-type=\"widget\" data-widget_type=\"text-editor.default\">\n\t\t\t\t<div class=\"elementor-widget-container\">\n\t\t\t\t\t\t\t\t\t<p>Welcome to our blog! Here, we will share with you promotions, latest news from our clinic, useful tips and lots of interesting information - Stay tuned and don't miss anything!<\/p>\t\t\t\t\t\t\t\t<\/div>\n\t\t\t\t<\/div>\n\t\t\t\t<div class=\"elementor-element elementor-element-6c4ee7e elementor-grid-3 elementor-grid-tablet-2 elementor-grid-mobile-1 elementor-posts--thumbnail-top elementor-card-shadow-yes elementor-posts__hover-gradient elementor-widget elementor-widget-posts\" data-id=\"6c4ee7e\" data-element_type=\"widget\" data-e-type=\"widget\" data-settings=\"{&quot;pagination_type&quot;:&quot;numbers_and_prev_next&quot;,&quot;cards_columns&quot;:&quot;3&quot;,&quot;cards_columns_tablet&quot;:&quot;2&quot;,&quot;cards_columns_mobile&quot;:&quot;1&quot;,&quot;cards_row_gap&quot;:{&quot;unit&quot;:&quot;px&quot;,&quot;size&quot;:35,&quot;sizes&quot;:[]},&quot;cards_row_gap_tablet&quot;:{&quot;unit&quot;:&quot;px&quot;,&quot;size&quot;:&quot;&quot;,&quot;sizes&quot;:[]},&quot;cards_row_gap_mobile&quot;:{&quot;unit&quot;:&quot;px&quot;,&quot;size&quot;:&quot;&quot;,&quot;sizes&quot;:[]}}\" data-widget_type=\"posts.cards\">\n\t\t\t\t<div class=\"elementor-widget-container\">\n\t\t\t\t\t\t\t<div class=\"elementor-posts-container elementor-posts elementor-posts--skin-cards elementor-grid\" role=\"list\">\n\t\t\t\t<article class=\"elementor-post elementor-grid-item post-13510 post type-post status-publish format-standard has-post-thumbnail hentry category-thermage-flx tag-reaffirmage tag-rejuvenecimiento-facial tag-thermage tag-thermage-flx\" role=\"listitem\">\n\t\t\t<div class=\"elementor-post__card\">\n\t\t\t\t<a class=\"elementor-post__thumbnail__link\" href=\"https:\/\/elegantclinicbanus.com\/en\/reaffirmage-en-elegant-clinic-banus\/\" tabindex=\"-1\"><div class=\"elementor-post__thumbnail\"><img decoding=\"async\" width=\"540\" height=\"675\" src=\"https:\/\/elegantclinicbanus.com\/wp-content\/uploads\/2026\/04\/A9ririni_giwgbp_da0.webp\" class=\"attachment-medium_large size-medium_large wp-image-13511\" alt=\"\" srcset=\"https:\/\/elegantclinicbanus.com\/wp-content\/uploads\/2026\/04\/A9ririni_giwgbp_da0.webp 540w, https:\/\/elegantclinicbanus.com\/wp-content\/uploads\/2026\/04\/A9ririni_giwgbp_da0-240x300.webp 240w, https:\/\/elegantclinicbanus.com\/wp-content\/uploads\/2026\/04\/A9ririni_giwgbp_da0-10x12.webp 10w\" sizes=\"(max-width: 540px) 100vw, 540px\" \/><\/div><\/a>\n\t\t\t\t<div class=\"elementor-post__badge\">Thermage FLX<\/div>\n\t\t\t\t<div class=\"elementor-post__text\">\n\t\t\t\t<h2 class=\"elementor-post__title\">\n\t\t\t<a href=\"https:\/\/elegantclinicbanus.com\/en\/reaffirmage-en-elegant-clinic-banus\/\">\n\t\t\t\tIntroducing Reaffirmage at Elegant Clinic Ban\u00fas\t\t\t<\/a>\n\t\t<\/h2>\n\t\t\t\t<div class=\"elementor-post__excerpt\">\n\t\t\t<p>\u00a0What if beauty wasn't about changing but reaffirming who you are? \n\nIntroducing Reaffirmage at Elegant Clinic Ban\u00fas<\/p>\n\t\t<\/div>\n\t\t\t\t<\/div>\n\t\t\t\t<div class=\"elementor-post__meta-data\">\n\t\t\t\t\t<span class=\"elementor-post-date\">\n\t\t\t10\/04\/2026\t\t<\/span>\n\t\t\t\t<\/div>\n\t\t\t\t\t<\/div>\n\t\t<\/article>\n\t\t\t\t<article class=\"elementor-post elementor-grid-item post-13494 post type-post status-publish format-standard has-post-thumbnail hentry category-thermage-flx tag-reaffirmage tag-rejuvenecimiento-facial tag-thermage tag-thermage-flx\" role=\"listitem\">\n\t\t\t<div class=\"elementor-post__card\">\n\t\t\t\t<a class=\"elementor-post__thumbnail__link\" href=\"https:\/\/elegantclinicbanus.com\/en\/elegant-clinic-banus-en-seme-malaga-2026\/\" tabindex=\"-1\"><div class=\"elementor-post__thumbnail\"><img decoding=\"async\" width=\"768\" height=\"960\" src=\"https:\/\/elegantclinicbanus.com\/wp-content\/uploads\/2026\/02\/1.-ECB-SEME-1-768x960.webp\" class=\"attachment-medium_large size-medium_large wp-image-13501\" alt=\"Elegant Clinic Ban\u00fas at SEME M\u00e1laga 2026\" srcset=\"https:\/\/elegantclinicbanus.com\/wp-content\/uploads\/2026\/02\/1.-ECB-SEME-1-768x960.webp 768w, https:\/\/elegantclinicbanus.com\/wp-content\/uploads\/2026\/02\/1.-ECB-SEME-1-240x300.webp 240w, https:\/\/elegantclinicbanus.com\/wp-content\/uploads\/2026\/02\/1.-ECB-SEME-1-819x1024.webp 819w, https:\/\/elegantclinicbanus.com\/wp-content\/uploads\/2026\/02\/1.-ECB-SEME-1-10x12.webp 10w, https:\/\/elegantclinicbanus.com\/wp-content\/uploads\/2026\/02\/1.-ECB-SEME-1.webp 1080w\" sizes=\"(max-width: 768px) 100vw, 768px\" \/><\/div><\/a>\n\t\t\t\t<div class=\"elementor-post__badge\">Thermage FLX<\/div>\n\t\t\t\t<div class=\"elementor-post__text\">\n\t\t\t\t<h2 class=\"elementor-post__title\">\n\t\t\t<a href=\"https:\/\/elegantclinicbanus.com\/en\/elegant-clinic-banus-en-seme-malaga-2026\/\">\n\t\t\t\tElegant Clinic Ban\u00fas at SEME M\u00e1laga 2026\t\t\t<\/a>\n\t\t<\/h2>\n\t\t\t\t<div class=\"elementor-post__excerpt\">\n\t\t\t<p>Our team at Elegant Clinic Ban\u00fas was proud to attend the SEME Congress of the Spanish Society of Aesthetic Medicine in M\u00e1laga once again this year.<\/p>\n\t\t<\/div>\n\t\t\t\t<\/div>\n\t\t\t\t<div class=\"elementor-post__meta-data\">\n\t\t\t\t\t<span class=\"elementor-post-date\">\n\t\t\t25\/02\/2026\t\t<\/span>\n\t\t\t\t<\/div>\n\t\t\t\t\t<\/div>\n\t\t<\/article>\n\t\t\t\t<article class=\"elementor-post elementor-grid-item post-13485 post type-post status-publish format-standard has-post-thumbnail hentry category-thermage-flx tag-reaffirmage tag-rejuvenecimiento-facial tag-thermage tag-thermage-flx\" role=\"listitem\">\n\t\t\t<div class=\"elementor-post__card\">\n\t\t\t\t<a class=\"elementor-post__thumbnail__link\" href=\"https:\/\/elegantclinicbanus.com\/en\/elegant-clinic-banus-en-imcas-paris-2026\/\" tabindex=\"-1\"><div class=\"elementor-post__thumbnail\"><img loading=\"lazy\" decoding=\"async\" width=\"768\" height=\"960\" src=\"https:\/\/elegantclinicbanus.com\/wp-content\/uploads\/2026\/02\/1.-ECB-SEME-768x960.webp\" class=\"attachment-medium_large size-medium_large wp-image-13487\" alt=\"Elegant Clinic Ban\u00fas IMCAS 2026 World Congress in Paris\" srcset=\"https:\/\/elegantclinicbanus.com\/wp-content\/uploads\/2026\/02\/1.-ECB-SEME-768x960.webp 768w, https:\/\/elegantclinicbanus.com\/wp-content\/uploads\/2026\/02\/1.-ECB-SEME-240x300.webp 240w, https:\/\/elegantclinicbanus.com\/wp-content\/uploads\/2026\/02\/1.-ECB-SEME-819x1024.webp 819w, https:\/\/elegantclinicbanus.com\/wp-content\/uploads\/2026\/02\/1.-ECB-SEME-10x12.webp 10w, https:\/\/elegantclinicbanus.com\/wp-content\/uploads\/2026\/02\/1.-ECB-SEME.webp 1080w\" sizes=\"(max-width: 768px) 100vw, 768px\" \/><\/div><\/a>\n\t\t\t\t<div class=\"elementor-post__badge\">Thermage FLX<\/div>\n\t\t\t\t<div class=\"elementor-post__text\">\n\t\t\t\t<h2 class=\"elementor-post__title\">\n\t\t\t<a href=\"https:\/\/elegantclinicbanus.com\/en\/elegant-clinic-banus-en-imcas-paris-2026\/\">\n\t\t\t\tElegant Clinic Ban\u00fas IMCAS 2026 World Congress in Paris\t\t\t<\/a>\n\t\t<\/h2>\n\t\t\t\t<div class=\"elementor-post__excerpt\">\n\t\t\t<p>We are very grateful to have been part of the 27th edition of the IMCAS 2026 World Congress in Paris<\/p>\n\t\t<\/div>\n\t\t\t\t<\/div>\n\t\t\t\t<div class=\"elementor-post__meta-data\">\n\t\t\t\t\t<span class=\"elementor-post-date\">\n\t\t\t10\/02\/2026\t\t<\/span>\n\t\t\t\t<\/div>\n\t\t\t\t\t<\/div>\n\t\t<\/article>\n\t\t\t\t<\/div>\n\t\t\n\t\t\t\t<div class=\"e-load-more-anchor\" data-page=\"1\" data-max-page=\"15\" data-next-page=\"https:\/\/elegantclinicbanus.com\/en\/wp-json\/wp\/v2\/pages\/9257\/page\/2\/\"><\/div>\n\t\t\t\t<nav class=\"elementor-pagination\" aria-label=\"Pagination\">\n\t\t\t<span class=\"page-numbers prev\">\u00ab<\/span>\n<span aria-current=\"page\" class=\"page-numbers current\"><span class=\"elementor-screen-only\">Page<\/span>1<\/span>\n<a class=\"page-numbers\" href=\"https:\/\/elegantclinicbanus.com\/en\/wp-json\/wp\/v2\/pages\/9257\/page\/2\/\"><span class=\"elementor-screen-only\">Page<\/span>2<\/a>\n<a class=\"page-numbers\" href=\"https:\/\/elegantclinicbanus.com\/en\/wp-json\/wp\/v2\/pages\/9257\/page\/3\/\"><span class=\"elementor-screen-only\">Page<\/span>3<\/a>\n<a class=\"page-numbers\" href=\"https:\/\/elegantclinicbanus.com\/en\/wp-json\/wp\/v2\/pages\/9257\/page\/4\/\"><span class=\"elementor-screen-only\">Page<\/span>4<\/a>\n<a class=\"page-numbers\" href=\"https:\/\/elegantclinicbanus.com\/en\/wp-json\/wp\/v2\/pages\/9257\/page\/5\/\"><span class=\"elementor-screen-only\">Page<\/span>5<\/a>\n<a class=\"page-numbers next\" href=\"https:\/\/elegantclinicbanus.com\/en\/wp-json\/wp\/v2\/pages\/9257\/page\/2\/\">\u00bb<\/a>\t\t<\/nav>\n\t\t\t\t\t\t<\/div>\n\t\t\t\t<\/div>\n\t\t\t\t\t<\/div>\n\t\t\t\t<\/div>\n\t\t\t\t<\/div>","protected":false},"excerpt":{"rendered":"<p>Novedades y promociones \u00a1Bienvenid@s a nuestro blog! Aqu\u00ed, compartiremos contigo las promociones, \u00faltimas novedades de nuestra cl\u00ednica, consejos \u00fatiles y mucha informaci\u00f3n interesante. \u00a1No te pierdas nada!<\/p>","protected":false},"author":1,"featured_media":0,"parent":0,"menu_order":5,"comment_status":"closed","ping_status":"closed","template":"","meta":{"footnotes":""},"class_list":["post-9257","page","type-page","status-publish","hentry"],"_links":{"self":[{"href":"https:\/\/elegantclinicbanus.com\/en\/wp-json\/wp\/v2\/pages\/9257","targetHints":{"allow":["GET"]}}],"collection":[{"href":"https:\/\/elegantclinicbanus.com\/en\/wp-json\/wp\/v2\/pages"}],"about":[{"href":"https:\/\/elegantclinicbanus.com\/en\/wp-json\/wp\/v2\/types\/page"}],"author":[{"embeddable":true,"href":"https:\/\/elegantclinicbanus.com\/en\/wp-json\/wp\/v2\/users\/1"}],"replies":[{"embeddable":true,"href":"https:\/\/elegantclinicbanus.com\/en\/wp-json\/wp\/v2\/comments?post=9257"}],"version-history":[{"count":10,"href":"https:\/\/elegantclinicbanus.com\/en\/wp-json\/wp\/v2\/pages\/9257\/revisions"}],"predecessor-version":[{"id":13076,"href":"https:\/\/elegantclinicbanus.com\/en\/wp-json\/wp\/v2\/pages\/9257\/revisions\/13076"}],"wp:attachment":[{"href":"https:\/\/elegantclinicbanus.com\/en\/wp-json\/wp\/v2\/media?parent=9257"}],"curies":[{"name":"wp","href":"https:\/\/api.w.org\/{rel}","templated":true}]}}