{"id":9633,"date":"2020-10-22T19:54:08","date_gmt":"2020-10-22T17:54:08","guid":{"rendered":"https:\/\/elegantclinicbanus.com\/?page_id=9633"},"modified":"2023-07-20T11:49:46","modified_gmt":"2023-07-20T09:49:46","slug":"privacy-policy","status":"publish","type":"page","link":"https:\/\/elegantclinicbanus.com\/en\/politica-de-privacidad\/","title":{"rendered":"Privacy Policy"},"content":{"rendered":"<div data-elementor-type=\"wp-page\" data-elementor-id=\"9633\" class=\"elementor elementor-9633\" data-elementor-post-type=\"page\">\n\t\t\t\t<div class=\"elementor-element elementor-element-360533d e-flex e-con-boxed e-con e-parent\" data-id=\"360533d\" data-element_type=\"container\" data-e-type=\"container\">\n\t\t\t\t\t<div class=\"e-con-inner\">\n\t\t\t\t<div class=\"elementor-element elementor-element-43ce07a elementor-widget elementor-widget-image\" data-id=\"43ce07a\" data-element_type=\"widget\" data-e-type=\"widget\" data-widget_type=\"image.default\">\n\t\t\t\t<div class=\"elementor-widget-container\">\n\t\t\t\t\t\t\t\t\t\t\t\t\t\t\t<img fetchpriority=\"high\" decoding=\"async\" width=\"512\" height=\"512\" src=\"https:\/\/elegantclinicbanus.com\/wp-content\/uploads\/2023\/07\/cropped-Elegant-favicon.png\" class=\"attachment-full size-full wp-image-11026\" alt=\"Elegant Clinic Ban\u00fas Logo\" srcset=\"https:\/\/elegantclinicbanus.com\/wp-content\/uploads\/2023\/07\/cropped-Elegant-favicon.png 512w, https:\/\/elegantclinicbanus.com\/wp-content\/uploads\/2023\/07\/cropped-Elegant-favicon-300x300.png 300w, https:\/\/elegantclinicbanus.com\/wp-content\/uploads\/2023\/07\/cropped-Elegant-favicon-150x150.png 150w, https:\/\/elegantclinicbanus.com\/wp-content\/uploads\/2023\/07\/cropped-Elegant-favicon-270x270.png 270w, https:\/\/elegantclinicbanus.com\/wp-content\/uploads\/2023\/07\/cropped-Elegant-favicon-192x192.png 192w, https:\/\/elegantclinicbanus.com\/wp-content\/uploads\/2023\/07\/cropped-Elegant-favicon-180x180.png 180w, https:\/\/elegantclinicbanus.com\/wp-content\/uploads\/2023\/07\/cropped-Elegant-favicon-32x32.png 32w\" sizes=\"(max-width: 512px) 100vw, 512px\" \/>\t\t\t\t\t\t\t\t\t\t\t\t\t\t\t<\/div>\n\t\t\t\t<\/div>\n\t\t\t\t<div class=\"elementor-element elementor-element-a3f677a elementor-widget elementor-widget-heading\" data-id=\"a3f677a\" data-element_type=\"widget\" data-e-type=\"widget\" data-widget_type=\"heading.default\">\n\t\t\t\t<div class=\"elementor-widget-container\">\n\t\t\t\t\t<h1 class=\"elementor-heading-title elementor-size-default\">Privacy Policy<\/h1>\t\t\t\t<\/div>\n\t\t\t\t<\/div>\n\t\t\t\t<div class=\"elementor-element elementor-element-1cde488 elementor-widget elementor-widget-heading\" data-id=\"1cde488\" data-element_type=\"widget\" data-e-type=\"widget\" data-widget_type=\"heading.default\">\n\t\t\t\t<div class=\"elementor-widget-container\">\n\t\t\t\t\t<h2 class=\"elementor-heading-title elementor-size-default\">Processing of personal information<\/h2>\t\t\t\t<\/div>\n\t\t\t\t<\/div>\n\t\t\t\t<div class=\"elementor-element elementor-element-ed074e5 elementor-widget elementor-widget-text-editor\" data-id=\"ed074e5\" data-element_type=\"widget\" data-e-type=\"widget\" data-widget_type=\"text-editor.default\">\n\t\t\t\t<div class=\"elementor-widget-container\">\n\t\t\t\t\t\t\t\t\t<p>Elegant Clinic Ban\u00fas, with registered office at Avenida Jos\u00e9 Ban\u00fas 7, 29660 Puerto Ban\u00fas, Marbella, M\u00e1laga (Spain), is the owner of the web site <a href=\"https:\/\/elegantclinicbanus.com\/en\/\">www.elegantclinicbanus.com<\/a>and responsible for the files generated with the personal data provided by users through this website.<\/p><p>The owner of the data expressly consents to the processing of the data by <i>Elegant Clinic Ban\u00fas <\/i>of personal data that you voluntarily provide through forms, e-mail or other electronic means.<\/p><p>Likewise, the owner of the data authorizes the processing of their data for the purpose of sending information and advertising, including electronically, about offers, products, recommendations, services, promotions, gifts and loyalty campaigns, and unless otherwise indicated, which may be expressed by sending an email to info@elegantclinicbanus.com.<\/p><p>In compliance with the provisions of Law 15\/1999, of December 13, 1999, on the Protection of Personal Data, the owner of the data may, at any time, exercise their rights of access, rectification, cancellation and opposition of their personal data by contacting the following address: <i>Elegant Clinic Ban\u00fas<\/i>, the user may also send a copy of his\/her ID card, passport or other valid identification document to info@elegantclinicbanus.com or by telephone to 951512971, with address at Avenida Jos\u00e9 Ban\u00fas 7, 29660 Puerto Ban\u00fas, M\u00e1laga.<\/p><p>The owner of the data undertakes and undertakes to immediately communicate the following information to <i>Elegant Clinic Ban\u00fas <\/i>any modification that occurs in the personal or other data, in order to ensure that the information contained in the files is correct and that it is not altered <i>Elegant Clinic Ban\u00fas <\/i>is at all times up to date and free of errors, and shall be responsible, in any case, for the veracity of these, reserving itself <i>Elegant Clinic Ban\u00fas<\/i>the right to exclude from the registered services any owner who has provided false data, without prejudice to any other actions that may be applicable by law.<\/p><p>In case of providing data of a third party, you must have the consent of the third party and immediately inform the person or persons of whom you are providing personal data about these matters.<\/p><p>All data are treated with absolute confidentiality, not being accessible to third parties for purposes other than those for which they have been authorized.<\/p>\t\t\t\t\t\t\t\t<\/div>\n\t\t\t\t<\/div>\n\t\t\t\t<div class=\"elementor-element elementor-element-7ff24f3 elementor-widget elementor-widget-heading\" data-id=\"7ff24f3\" data-element_type=\"widget\" data-e-type=\"widget\" data-widget_type=\"heading.default\">\n\t\t\t\t<div class=\"elementor-widget-container\">\n\t\t\t\t\t<h2 class=\"elementor-heading-title elementor-size-default\">Use of Cookies<\/h2>\t\t\t\t<\/div>\n\t\t\t\t<\/div>\n\t\t\t\t<div class=\"elementor-element elementor-element-c56d81e elementor-widget elementor-widget-text-editor\" data-id=\"c56d81e\" data-element_type=\"widget\" data-e-type=\"widget\" data-widget_type=\"text-editor.default\">\n\t\t\t\t<div class=\"elementor-widget-container\">\n\t\t\t\t\t\t\t\t\t<p>Access to our website implies the use of cookies in order to recognize registered users and to be able to offer them a better and more personalized service and technical information.<\/p><p>Cookies do not allow access to personal data or, in general, to data on the hard disk.<\/p><p>Cookies are small text files that are stored on the hard disk or in the memory of the computer used by each user so that the server can remember certain information that can be used later.<\/p><p>Users who do not wish to receive cookies or wish to be informed before they are stored on their computer can configure their browser to that effect:<\/p>\t\t\t\t\t\t\t\t<\/div>\n\t\t\t\t<\/div>\n\t\t\t\t<div class=\"elementor-element elementor-element-6f3f212 elementor-icon-list--layout-traditional elementor-list-item-link-full_width elementor-widget elementor-widget-icon-list\" data-id=\"6f3f212\" data-element_type=\"widget\" data-e-type=\"widget\" data-widget_type=\"icon-list.default\">\n\t\t\t\t<div class=\"elementor-widget-container\">\n\t\t\t\t\t\t\t<ul class=\"elementor-icon-list-items\">\n\t\t\t\t\t\t\t<li class=\"elementor-icon-list-item\">\n\t\t\t\t\t\t\t\t\t\t\t<span class=\"elementor-icon-list-icon\">\n\t\t\t\t\t\t\t<svg aria-hidden=\"true\" class=\"e-font-icon-svg e-fas-angle-right\" viewbox=\"0 0 256 512\" xmlns=\"http:\/\/www.w3.org\/2000\/svg\"><path d=\"M224.3 273l-136 136c-9.4 9.4-24.6 9.4-33.9 0l-22.6-22.6c-9.4-9.4-9.4-24.6 0-33.9l96.4-96.4-96.4-96.4c-9.4-9.4-9.4-24.6 0-33.9L54.3 103c9.4-9.4 24.6-9.4 33.9 0l136 136c9.5 9.4 9.5 24.6.1 34z\"><\/path><\/svg>\t\t\t\t\t\t<\/span>\n\t\t\t\t\t\t\t\t\t\t<span class=\"elementor-icon-list-text\">Microsoft Internet Explorer\u00a0&gt; men\u00fa Herramientas &gt; Opciones de Internet &gt; Privacidad &gt; Configuraci\u00f3n<\/span>\n\t\t\t\t\t\t\t\t\t<\/li>\n\t\t\t\t\t\t\t\t<li class=\"elementor-icon-list-item\">\n\t\t\t\t\t\t\t\t\t\t\t<span class=\"elementor-icon-list-icon\">\n\t\t\t\t\t\t\t<svg aria-hidden=\"true\" class=\"e-font-icon-svg e-fas-angle-right\" viewbox=\"0 0 256 512\" xmlns=\"http:\/\/www.w3.org\/2000\/svg\"><path d=\"M224.3 273l-136 136c-9.4 9.4-24.6 9.4-33.9 0l-22.6-22.6c-9.4-9.4-9.4-24.6 0-33.9l96.4-96.4-96.4-96.4c-9.4-9.4-9.4-24.6 0-33.9L54.3 103c9.4-9.4 24.6-9.4 33.9 0l136 136c9.5 9.4 9.5 24.6.1 34z\"><\/path><\/svg>\t\t\t\t\t\t<\/span>\n\t\t\t\t\t\t\t\t\t\t<span class=\"elementor-icon-list-text\">Google Chrome\u00a0&gt; men\u00fa Herramientas &gt; Configuraci\u00f3n &gt; Mostrar opciones avanzadas &gt; Privacidad (Configuraci\u00f3n de Contenido) &gt; Cookies<\/span>\n\t\t\t\t\t\t\t\t\t<\/li>\n\t\t\t\t\t\t\t\t<li class=\"elementor-icon-list-item\">\n\t\t\t\t\t\t\t\t\t\t\t<span class=\"elementor-icon-list-icon\">\n\t\t\t\t\t\t\t<svg aria-hidden=\"true\" class=\"e-font-icon-svg e-fas-angle-right\" viewbox=\"0 0 256 512\" xmlns=\"http:\/\/www.w3.org\/2000\/svg\"><path d=\"M224.3 273l-136 136c-9.4 9.4-24.6 9.4-33.9 0l-22.6-22.6c-9.4-9.4-9.4-24.6 0-33.9l96.4-96.4-96.4-96.4c-9.4-9.4-9.4-24.6 0-33.9L54.3 103c9.4-9.4 24.6-9.4 33.9 0l136 136c9.5 9.4 9.5 24.6.1 34z\"><\/path><\/svg>\t\t\t\t\t\t<\/span>\n\t\t\t\t\t\t\t\t\t\t<span class=\"elementor-icon-list-text\">Firefox\u00a0&gt; men\u00fa Herramientas &gt; Opciones &gt; Privacidad &gt; Cookies<\/span>\n\t\t\t\t\t\t\t\t\t<\/li>\n\t\t\t\t\t\t<\/ul>\n\t\t\t\t\t\t<\/div>\n\t\t\t\t<\/div>\n\t\t\t\t<div class=\"elementor-element elementor-element-23bc065 elementor-widget elementor-widget-text-editor\" data-id=\"23bc065\" data-element_type=\"widget\" data-e-type=\"widget\" data-widget_type=\"text-editor.default\">\n\t\t\t\t<div class=\"elementor-widget-container\">\n\t\t\t\t\t\t\t\t\t<p><i>Elegant Clinic Ban\u00fas<\/i> thanks you for activating and accepting these cookies to help us obtain more accurate data to improve the content and design of the website and adapt it to your preferences. <i>Elegant Clinic Ban\u00fas<\/i> does not guarantee the proper functioning of the services offered if cookies are not accepted.<\/p><p>In case of <i>Elegant Clinic Ban\u00fas<\/i>\u00a0should it provide any type of special service in which it determines specific provisions different from these regarding the use of cookies, the application of the particular rules indicated for that particular service shall take precedence over the present ones, in case of inconsistency or contradiction.<\/p>\t\t\t\t\t\t\t\t<\/div>\n\t\t\t\t<\/div>\n\t\t\t\t<div class=\"elementor-element elementor-element-a5ba9f6 elementor-widget elementor-widget-heading\" data-id=\"a5ba9f6\" data-element_type=\"widget\" data-e-type=\"widget\" data-widget_type=\"heading.default\">\n\t\t\t\t<div class=\"elementor-widget-container\">\n\t\t\t\t\t<h2 class=\"elementor-heading-title elementor-size-default\">Google Analytics<\/h2>\t\t\t\t<\/div>\n\t\t\t\t<\/div>\n\t\t\t\t<div class=\"elementor-element elementor-element-47dc961 elementor-widget elementor-widget-text-editor\" data-id=\"47dc961\" data-element_type=\"widget\" data-e-type=\"widget\" data-widget_type=\"text-editor.default\">\n\t\t\t\t<div class=\"elementor-widget-container\">\n\t\t\t\t\t\t\t\t\t<p>This website uses Google Analytic for statistical purposes. Google Analytics is a web analytics service provided by Google, Inc. a Delaware company with headquarters at 1600 Amphitheatre Parkway, Mountain View (California), CA 94043, United States (\"Google\").<\/p><p>Google Analytics uses \"cookies\", which are text files placed on your computer, to help the website analyze how users use the site. The information generated by the cookie about your use of the website (including your IP address) will be transmitted to and stored by Google on servers in the United States. Google will use this information on our behalf for the purpose of evaluating your use of the website, compiling reports on website activity for website operators and providing other services relating to website activity and internet usage.<\/p><p>Google may also transfer this information to third parties where required to do so by law, or where such third parties process the information on Google's behalf. Google will not associate your IP address with any other data held by Google. You may refuse the use of cookies by selecting the appropriate settings on your browser, however please note that if you do this you may not be able to use the full functionality of this website. By using this website you consent to the processing of data about you by Google in the manner and for the purposes set out above.<\/p><p>Full details of the cookies used by Google Analytics can be found in Cookies and Google Analytics in the documentation for the Google Analytics tracking code.<\/p><p>In addition to rejecting cookies, you can also install the Google Analytics opt-out add-on in your browser, which prevents Google Analytics from collecting information about website visits:<\/p><p><a href=\"https:\/\/tools.google.com\/dlpage\/gaoptout\" target=\"_blank\" rel=\"noopener\">Google Analytics Disable Browser Add-on<\/a><\/p>\t\t\t\t\t\t\t\t<\/div>\n\t\t\t\t<\/div>\n\t\t\t\t<div class=\"elementor-element elementor-element-59e763b elementor-widget elementor-widget-heading\" data-id=\"59e763b\" data-element_type=\"widget\" data-e-type=\"widget\" data-widget_type=\"heading.default\">\n\t\t\t\t<div class=\"elementor-widget-container\">\n\t\t\t\t\t<h2 class=\"elementor-heading-title elementor-size-default\">Third party cookies<\/h2>\t\t\t\t<\/div>\n\t\t\t\t<\/div>\n\t\t\t\t<div class=\"elementor-element elementor-element-802ce38 elementor-widget elementor-widget-text-editor\" data-id=\"802ce38\" data-element_type=\"widget\" data-e-type=\"widget\" data-widget_type=\"text-editor.default\">\n\t\t\t\t<div class=\"elementor-widget-container\">\n\t\t\t\t\t\t\t\t\t<p>Third-party cookies are cookies created by an external service when you use a page on our website. These cookies are domain specific to the third party and consequently the data contained in them may be viewed and managed by a third party. We have control over whether or not we may use the third party service on our website, and how it is integrated and presented on our website. However, we have no control over the cookies themselves.<\/p><p>Third-party cookies can also be found on our website:<\/p><p><i>Elegant Clinic Ban\u00fas<\/i> recommends that you do not accept any third-party cookies not validated by the company.<\/p>\t\t\t\t\t\t\t\t<\/div>\n\t\t\t\t<\/div>\n\t\t\t\t<div class=\"elementor-element elementor-element-867f9e9 elementor-widget elementor-widget-heading\" data-id=\"867f9e9\" data-element_type=\"widget\" data-e-type=\"widget\" data-widget_type=\"heading.default\">\n\t\t\t\t<div class=\"elementor-widget-container\">\n\t\t\t\t\t<h2 class=\"elementor-heading-title elementor-size-default\">Responsibilities<\/h2>\t\t\t\t<\/div>\n\t\t\t\t<\/div>\n\t\t\t\t<div class=\"elementor-element elementor-element-9e85f4c elementor-widget elementor-widget-text-editor\" data-id=\"9e85f4c\" data-element_type=\"widget\" data-e-type=\"widget\" data-widget_type=\"text-editor.default\">\n\t\t\t\t<div class=\"elementor-widget-container\">\n\t\t\t\t\t\t\t\t\t<p><i>Elegant Clinic Ban\u00fas<\/i> declines any responsibility for the information contained in this website coming from sources outside of the <i>Elegant Clinic Ban\u00fas<\/i>and of the contents not elaborated by it.<\/p><p><i>Elegant Clinic Ban\u00fas<\/i> is not obligated to monitor any transmissions made through this Web. On the other hand, <i>Elegant Clinic Ban\u00fas<\/i> has the right to monitor any transmissions made to or for this Web site for the purpose of securing information, without any obligation on the part of the company.<\/p><p>The content detailed in this web page is informative and commercial, so it has no binding effect with <i>Elegant Clinic Ban\u00fas<\/i>. For full details and exclusions for each of the products, please consult with the company.<\/p>\t\t\t\t\t\t\t\t<\/div>\n\t\t\t\t<\/div>\n\t\t\t\t<div class=\"elementor-element elementor-element-e73e303 elementor-widget elementor-widget-heading\" data-id=\"e73e303\" data-element_type=\"widget\" data-e-type=\"widget\" data-widget_type=\"heading.default\">\n\t\t\t\t<div class=\"elementor-widget-container\">\n\t\t\t\t\t<h2 class=\"elementor-heading-title elementor-size-default\">Links<\/h2>\t\t\t\t<\/div>\n\t\t\t\t<\/div>\n\t\t\t\t<div class=\"elementor-element elementor-element-4bbb154 elementor-widget elementor-widget-text-editor\" data-id=\"4bbb154\" data-element_type=\"widget\" data-e-type=\"widget\" data-widget_type=\"text-editor.default\">\n\t\t\t\t<div class=\"elementor-widget-container\">\n\t\t\t\t\t\t\t\t\t<p><i>Elegant Clinic Ban\u00fas<\/i> cannot guarantee that links to other sites are accurate at the time of access. The sites to which the links point are developed and maintained by personnel external to <i>Elegant Clinic Ban\u00fas<\/i>, therefore, <i>Elegant Clinic Ban\u00fas<\/i> assumes no responsibility for the contents of the sites to which such links point. Any references made in this Web to any product, service, process, link, hypertext or any other information using the trademark, trade name or the manufacturer or supplier, etc. owned by third parties does not constitute or imply endorsement, sponsorship or recommendation by <i>Elegant Clinic Ban\u00fas<\/i>.<\/p>\t\t\t\t\t\t\t\t<\/div>\n\t\t\t\t<\/div>\n\t\t\t\t<div class=\"elementor-element elementor-element-264b697 elementor-widget elementor-widget-heading\" data-id=\"264b697\" data-element_type=\"widget\" data-e-type=\"widget\" data-widget_type=\"heading.default\">\n\t\t\t\t<div class=\"elementor-widget-container\">\n\t\t\t\t\t<h2 class=\"elementor-heading-title elementor-size-default\">Copyright<\/h2>\t\t\t\t<\/div>\n\t\t\t\t<\/div>\n\t\t\t\t<div class=\"elementor-element elementor-element-5ac5e86 elementor-widget elementor-widget-text-editor\" data-id=\"5ac5e86\" data-element_type=\"widget\" data-e-type=\"widget\" data-widget_type=\"text-editor.default\">\n\t\t\t\t<div class=\"elementor-widget-container\">\n\t\t\t\t\t\t\t\t\t<p>This website, including, but not limited to, software, text, graphics, logos, logos, anagrams, button icons, images, audio files and designs, are the property of <i>Elegant Clinic Ban\u00fas<\/i>and are protected by national and international industrial and intellectual property laws. Access by the user to this website does not grant any property right over them.<\/p><p>Any other use of the content of this website, including the reproduction, copying, modification, distribution, transmission, further publication, display or performance in whole or in part thereof, is strictly prohibited.<\/p><p>In the event that any content is observed on this website that may violate or infringe intellectual or industrial property rights, consumer and user protection, advertising, telecommunications, the right to honor, privacy and personal image, data protection and financial regulations, please notify the following <i>Elegant Clinic Ban\u00fas<\/i> as soon as possible, by sending an e-mail to the following address: <a href=\"mailto:info@elegantclinicbanus.com\">info@elegantclinicbanus.com<\/a>.<\/p><p><em>Elegant Clinic Ban\u00fas<\/em> reserves the right to make, at any time and without prior notice, as many modifications, variations, deletions or cancellations in the contents and in the form of presentation thereof as it deems necessary, either temporarily or permanently, and the user must ensure that he\/she uses the updated version at all times. This power does not grant users any right to receive compensation for damages.<\/p>\t\t\t\t\t\t\t\t<\/div>\n\t\t\t\t<\/div>\n\t\t\t\t<div class=\"elementor-element elementor-element-67c6de4 elementor-widget elementor-widget-heading\" data-id=\"67c6de4\" data-element_type=\"widget\" data-e-type=\"widget\" data-widget_type=\"heading.default\">\n\t\t\t\t<div class=\"elementor-widget-container\">\n\t\t\t\t\t<h2 class=\"elementor-heading-title elementor-size-default\">Legal information<\/h2>\t\t\t\t<\/div>\n\t\t\t\t<\/div>\n\t\t\t\t<div class=\"elementor-element elementor-element-0b1da67 elementor-widget elementor-widget-text-editor\" data-id=\"0b1da67\" data-element_type=\"widget\" data-e-type=\"widget\" data-widget_type=\"text-editor.default\">\n\t\t\t\t<div class=\"elementor-widget-container\">\n\t\t\t\t\t\t\t\t\t<p>Each time you access the web site of <i>Elegant Clinic Ban\u00fas<\/i> you should make sure that you have reviewed the contents of this page.<\/p><p>Last updated October 22, 2020.<\/p>\t\t\t\t\t\t\t\t<\/div>\n\t\t\t\t<\/div>\n\t\t\t\t<div class=\"elementor-element elementor-element-6085963 elementor-widget elementor-widget-heading\" data-id=\"6085963\" data-element_type=\"widget\" data-e-type=\"widget\" data-widget_type=\"heading.default\">\n\t\t\t\t<div class=\"elementor-widget-container\">\n\t\t\t\t\t<h2 class=\"elementor-heading-title elementor-size-default\">General Information<\/h2>\t\t\t\t<\/div>\n\t\t\t\t<\/div>\n\t\t\t\t<div class=\"elementor-element elementor-element-e02f887 elementor-widget elementor-widget-text-editor\" data-id=\"e02f887\" data-element_type=\"widget\" data-e-type=\"widget\" data-widget_type=\"text-editor.default\">\n\t\t\t\t<div class=\"elementor-widget-container\">\n\t\t\t\t\t\t\t\t\t<p>ELEGANT CLINIC BAN\u00daS (ESTETICA ACADEMY PLUS SL.)<\/p><p>Avenida Jos\u00e9 Ban\u00fas 7A.<br \/>29660 Puerto Ban\u00fas, Marbella. M\u00e1laga.<\/p><p>Correo electr\u00f3nico: <a href=\"mailto:info@elegantclinicbanus.com\">info@elegantclinicbanus.com<\/a><\/p><p>CIF: B93737682<\/p>\t\t\t\t\t\t\t\t<\/div>\n\t\t\t\t<\/div>\n\t\t\t\t\t<\/div>\n\t\t\t\t<\/div>\n\t\t\t\t<\/div>","protected":false},"excerpt":{"rendered":"<p>Pol\u00edtica de Privacidad Tratamiento de los datos de car\u00e1cter personal Elegant Clinic Ban\u00fas, con domicilio en Avenida Jos\u00e9 Ban\u00fas 7, 29660 Puerto Ban\u00fas, Marbella, M\u00e1laga (Espa\u00f1a), es titular del sitio web www.elegantclinicbanus.com, y responsable de los ficheros generados con los datos de car\u00e1cter personal suministrados por los usuarios a trav\u00e9s de este sitio web. El [&hellip;]<\/p>\n","protected":false},"author":1,"featured_media":0,"parent":0,"menu_order":8,"comment_status":"closed","ping_status":"closed","template":"","meta":{"footnotes":""},"class_list":["post-9633","page","type-page","status-publish","hentry"],"_links":{"self":[{"href":"https:\/\/elegantclinicbanus.com\/en\/wp-json\/wp\/v2\/pages\/9633","targetHints":{"allow":["GET"]}}],"collection":[{"href":"https:\/\/elegantclinicbanus.com\/en\/wp-json\/wp\/v2\/pages"}],"about":[{"href":"https:\/\/elegantclinicbanus.com\/en\/wp-json\/wp\/v2\/types\/page"}],"author":[{"embeddable":true,"href":"https:\/\/elegantclinicbanus.com\/en\/wp-json\/wp\/v2\/users\/1"}],"replies":[{"embeddable":true,"href":"https:\/\/elegantclinicbanus.com\/en\/wp-json\/wp\/v2\/comments?post=9633"}],"version-history":[{"count":0,"href":"https:\/\/elegantclinicbanus.com\/en\/wp-json\/wp\/v2\/pages\/9633\/revisions"}],"wp:attachment":[{"href":"https:\/\/elegantclinicbanus.com\/en\/wp-json\/wp\/v2\/media?parent=9633"}],"curies":[{"name":"wp","href":"https:\/\/api.w.org\/{rel}","templated":true}]}}