{"id":9640,"date":"2020-10-22T20:40:26","date_gmt":"2020-10-22T18:40:26","guid":{"rendered":"https:\/\/elegantclinicbanus.com\/?page_id=9640"},"modified":"2023-08-17T16:18:20","modified_gmt":"2023-08-17T14:18:20","slug":"copyright","status":"publish","type":"page","link":"https:\/\/elegantclinicbanus.com\/en\/copyright\/","title":{"rendered":"Copyright"},"content":{"rendered":"<div data-elementor-type=\"wp-page\" data-elementor-id=\"9640\" class=\"elementor elementor-9640\" data-elementor-post-type=\"page\">\n\t\t\t\t<div class=\"elementor-element elementor-element-1771499 e-flex e-con-boxed e-con e-parent\" data-id=\"1771499\" data-element_type=\"container\" data-e-type=\"container\">\n\t\t\t\t\t<div class=\"e-con-inner\">\n\t\t\t\t<div class=\"elementor-element elementor-element-bc7282e elementor-widget elementor-widget-image\" data-id=\"bc7282e\" data-element_type=\"widget\" data-e-type=\"widget\" data-widget_type=\"image.default\">\n\t\t\t\t<div class=\"elementor-widget-container\">\n\t\t\t\t\t\t\t\t\t\t\t\t\t\t\t<img fetchpriority=\"high\" decoding=\"async\" width=\"512\" height=\"512\" src=\"https:\/\/elegantclinicbanus.com\/wp-content\/uploads\/2023\/07\/cropped-Elegant-favicon.png\" class=\"attachment-full size-full wp-image-11026\" alt=\"Elegant Clinic Ban\u00fas Logo\" srcset=\"https:\/\/elegantclinicbanus.com\/wp-content\/uploads\/2023\/07\/cropped-Elegant-favicon.png 512w, https:\/\/elegantclinicbanus.com\/wp-content\/uploads\/2023\/07\/cropped-Elegant-favicon-300x300.png 300w, https:\/\/elegantclinicbanus.com\/wp-content\/uploads\/2023\/07\/cropped-Elegant-favicon-150x150.png 150w, https:\/\/elegantclinicbanus.com\/wp-content\/uploads\/2023\/07\/cropped-Elegant-favicon-270x270.png 270w, https:\/\/elegantclinicbanus.com\/wp-content\/uploads\/2023\/07\/cropped-Elegant-favicon-192x192.png 192w, https:\/\/elegantclinicbanus.com\/wp-content\/uploads\/2023\/07\/cropped-Elegant-favicon-180x180.png 180w, https:\/\/elegantclinicbanus.com\/wp-content\/uploads\/2023\/07\/cropped-Elegant-favicon-32x32.png 32w\" sizes=\"(max-width: 512px) 100vw, 512px\" \/>\t\t\t\t\t\t\t\t\t\t\t\t\t\t\t<\/div>\n\t\t\t\t<\/div>\n\t\t\t\t<div class=\"elementor-element elementor-element-37c46d3 elementor-widget elementor-widget-heading\" data-id=\"37c46d3\" data-element_type=\"widget\" data-e-type=\"widget\" data-widget_type=\"heading.default\">\n\t\t\t\t<div class=\"elementor-widget-container\">\n\t\t\t\t\t<h1 class=\"elementor-heading-title elementor-size-default\">Copyright<\/h1>\t\t\t\t<\/div>\n\t\t\t\t<\/div>\n\t\t\t\t<div class=\"elementor-element elementor-element-e8ad21c elementor-widget elementor-widget-text-editor\" data-id=\"e8ad21c\" data-element_type=\"widget\" data-e-type=\"widget\" data-widget_type=\"text-editor.default\">\n\t\t\t\t<div class=\"elementor-widget-container\">\n\t\t\t\t\t\t\t\t\t<p>This website including, but not limited to, software, text, graphics, logos, logos, anagrams, button icons, images, audio files and designs, are the property of Elegant Clinic Ban\u00fas, and are protected by national and international industrial and intellectual property laws. Access by the user to this website does not grant any property right over them.<\/p><p>Any other use of the content of this website, including the reproduction, copying, modification, distribution, transmission, further publication, display or performance in whole or in part thereof, is strictly prohibited.<\/p><p>In the case of any content on this website that may violate or infringe intellectual or industrial property rights, consumer and user protection, advertising, telecommunications, right to honor, privacy and self-image, data protection and financial regulations, please inform Elegant Clinic Ban\u00fas as soon as possible, by sending an email to the following address: <a href=\"mailto:info@elegantclinicbanus.com\">info@elegantclinicbanus.com<\/a>.<\/p><p>Elegant Clinic Ban\u00fas reserves the right to make, at any time and without prior notice, as many modifications, variations, deletions or cancellations in the contents and in the form of presentation thereof as it deems necessary, either temporarily or permanently, and the user must ensure that he\/she uses the updated version at all times. This power does not grant users any right to receive compensation for damages.<\/p>\t\t\t\t\t\t\t\t<\/div>\n\t\t\t\t<\/div>\n\t\t\t\t\t<\/div>\n\t\t\t\t<\/div>\n\t\t\t\t<\/div>","protected":false},"excerpt":{"rendered":"<p>Copyright El presente sitio web incluyendo, a t\u00edtulo enunciativo pero no limitativo, software, textos, gr\u00e1ficos, logotipos, anagramas, iconos de botones, im\u00e1genes, archivos de audio y dise\u00f1os, son propiedad de Elegant Clinic Ban\u00fas, y est\u00e1n protegidos por las normas nacionales e internacionales de propiedad industrial e intelectual. El acceso por parte del usuario a este sitio [&hellip;]<\/p>\n","protected":false},"author":1,"featured_media":0,"parent":0,"menu_order":10,"comment_status":"closed","ping_status":"closed","template":"","meta":{"footnotes":""},"class_list":["post-9640","page","type-page","status-publish","hentry"],"_links":{"self":[{"href":"https:\/\/elegantclinicbanus.com\/en\/wp-json\/wp\/v2\/pages\/9640","targetHints":{"allow":["GET"]}}],"collection":[{"href":"https:\/\/elegantclinicbanus.com\/en\/wp-json\/wp\/v2\/pages"}],"about":[{"href":"https:\/\/elegantclinicbanus.com\/en\/wp-json\/wp\/v2\/types\/page"}],"author":[{"embeddable":true,"href":"https:\/\/elegantclinicbanus.com\/en\/wp-json\/wp\/v2\/users\/1"}],"replies":[{"embeddable":true,"href":"https:\/\/elegantclinicbanus.com\/en\/wp-json\/wp\/v2\/comments?post=9640"}],"version-history":[{"count":0,"href":"https:\/\/elegantclinicbanus.com\/en\/wp-json\/wp\/v2\/pages\/9640\/revisions"}],"wp:attachment":[{"href":"https:\/\/elegantclinicbanus.com\/en\/wp-json\/wp\/v2\/media?parent=9640"}],"curies":[{"name":"wp","href":"https:\/\/api.w.org\/{rel}","templated":true}]}}